{"id":498,"date":"2025-02-08T22:09:44","date_gmt":"2025-02-09T04:09:44","guid":{"rendered":"https:\/\/toroconductual.com\/?page_id=498"},"modified":"2025-02-08T22:09:44","modified_gmt":"2025-02-09T04:09:44","slug":"acerca-de-nosotros","status":"publish","type":"page","link":"https:\/\/toroconductual.com\/index.php\/acerca-de-nosotros\/","title":{"rendered":"Acerca de nosotros"},"content":{"rendered":"\n<p>En Toro Conductual, no somos solo consejeros financieros, somos tus aliados en la construcci\u00f3n de un futuro financiero s\u00f3lido y en armon\u00eda con tus objetivos de vida. Creemos que el \u00e9xito financiero no se trata solo de n\u00fameros, sino de comprender tu relaci\u00f3n con el dinero y c\u00f3mo tus emociones y h\u00e1bitos influyen en tus decisiones.<\/p>\n\n\n\n<p>Nos apasiona empoderar a personas y familias para que tomen el control de sus finanzas y logren sus metas, desde la compra de una casa hasta la jubilaci\u00f3n anticipada. Adoptamos un enfoque hol\u00edstico que va m\u00e1s all\u00e1 de la planificaci\u00f3n tradicional, integrando los principios de la econom\u00eda del comportamiento y las finanzas del comportamiento.<\/p>\n\n\n\n<p>\u00bfQu\u00e9 nos diferencia?<\/p>\n\n\n\n<ul class=\"wp-block-list\">\n<li>Entendemos tu cerebro financiero: Sabemos que las decisiones financieras no siempre son racionales. Nuestros sesgos cognitivos y heur\u00edsticas pueden llevarnos a cometer errores costosos. Te ayudamos a identificar estos patrones y a desarrollar estrategias para superarlos.<\/li>\n\n\n\n<li>Cambiamos h\u00e1bitos, transformamos resultados: Creemos que la clave del \u00e9xito financiero sostenible radica en cambiar h\u00e1bitos arraigados. Te acompa\u00f1amos en el proceso de adoptar comportamientos financieros saludables que te impulsen hacia tus metas.<\/li>\n\n\n\n<li>Enfoque personalizado: No creemos en soluciones \u00fanicas para todos. Nos tomamos el tiempo para conocerte a fondo, tus valores, aspiraciones y miedos financieros. Dise\u00f1amos planes personalizados que se adaptan a tu situaci\u00f3n \u00fanica.<\/li>\n\n\n\n<li>Educaci\u00f3n financiera: Queremos que seas el due\u00f1o de tus decisiones financieras. Te brindamos las herramientas y el conocimiento necesarios para que comprendas los conceptos clave y tomes decisiones informadas.<\/li>\n<\/ul>\n\n\n\n<p><\/p>\n\n\n\n<p>Nuestro equipo est\u00e1 formado por profesionales cualificados en finanzas y con una profunda comprensi\u00f3n de la psicolog\u00eda del dinero. Nos mantenemos actualizados sobre las \u00faltimas investigaciones y tendencias en econom\u00eda del comportamiento para ofrecerte el mejor asesoramiento posible.<\/p>\n\n\n\n<p>En Toro Conductual, creemos que todos merecen tener la oportunidad de alcanzar sus sue\u00f1os financieros.<\/p>\n","protected":false},"excerpt":{"rendered":"<p>En Toro Conductual, no somos solo consejeros financieros, somos tus aliados en la construcci\u00f3n de un futuro financiero s\u00f3lido y en armon\u00eda con tus objetivos de vida. Creemos que el \u00e9xito financiero no se trata solo de n\u00fameros, sino de comprender tu relaci\u00f3n con el dinero y c\u00f3mo tus emociones y h\u00e1bitos influyen en tus decisiones. Nos apasiona empoderar a personas y familias para que tomen el control de sus finanzas y logren sus metas, desde la compra de una casa hasta la jubilaci\u00f3n anticipada. Adoptamos un enfoque hol\u00edstico que va m\u00e1s all\u00e1 de la planificaci\u00f3n tradicional, integrando los principios<\/p>\n","protected":false},"author":1,"featured_media":0,"parent":0,"menu_order":0,"comment_status":"closed","ping_status":"closed","template":"","meta":{"footnotes":""},"class_list":["post-498","page","type-page","status-publish","hentry"],"_hostinger_reach_plugin_has_subscription_block":false,"_hostinger_reach_plugin_is_elementor":false,"_links":{"self":[{"href":"https:\/\/toroconductual.com\/index.php\/wp-json\/wp\/v2\/pages\/498","targetHints":{"allow":["GET"]}}],"collection":[{"href":"https:\/\/toroconductual.com\/index.php\/wp-json\/wp\/v2\/pages"}],"about":[{"href":"https:\/\/toroconductual.com\/index.php\/wp-json\/wp\/v2\/types\/page"}],"author":[{"embeddable":true,"href":"https:\/\/toroconductual.com\/index.php\/wp-json\/wp\/v2\/users\/1"}],"replies":[{"embeddable":true,"href":"https:\/\/toroconductual.com\/index.php\/wp-json\/wp\/v2\/comments?post=498"}],"version-history":[{"count":1,"href":"https:\/\/toroconductual.com\/index.php\/wp-json\/wp\/v2\/pages\/498\/revisions"}],"predecessor-version":[{"id":499,"href":"https:\/\/toroconductual.com\/index.php\/wp-json\/wp\/v2\/pages\/498\/revisions\/499"}],"wp:attachment":[{"href":"https:\/\/toroconductual.com\/index.php\/wp-json\/wp\/v2\/media?parent=498"}],"curies":[{"name":"wp","href":"https:\/\/api.w.org\/{rel}","templated":true}]}}