{"id":488,"date":"2025-02-08T21:18:48","date_gmt":"2025-02-09T03:18:48","guid":{"rendered":"https:\/\/toroconductual.com\/?page_id=488"},"modified":"2025-02-09T14:26:05","modified_gmt":"2025-02-09T20:26:05","slug":"488-2","status":"publish","type":"page","link":"https:\/\/toroconductual.com\/index.php\/488-2\/","title":{"rendered":"Nuestos Servicios"},"content":{"rendered":"\n<div class=\"section-wrapper\" data-id=\"0xMmj4\"><section class=\"wp-block-gutenverse-section guten-element guten-section guten-0xMmj4 layout-boxed align-stretch\"><div class=\"guten-background-overlay\"><\/div><div class=\"guten-shape-divider guten-shape-divider-top\"><\/div><div class=\"guten-shape-divider guten-shape-divider-bottom\"><\/div><div class=\"guten-container guten-column-gap-default\">\n<div class=\"wp-block-gutenverse-column guten-element guten-column guten-JYItSA\"><div class=\"guten-background-overlay\"><\/div><div class=\"sticky-wrapper\" data-id=\"JYItSA\"><div class=\"guten-column-wrapper\">\n<div class=\"section-wrapper\" data-id=\"2vPIkr\"><section class=\"wp-block-gutenverse-section guten-element guten-section guten-2vPIkr layout-boxed align-stretch\"><div class=\"guten-background-overlay\"><\/div><div class=\"guten-shape-divider guten-shape-divider-top\"><\/div><div class=\"guten-shape-divider guten-shape-divider-bottom\"><\/div><div class=\"guten-container guten-column-gap-no\">\n<div class=\"wp-block-gutenverse-column guten-element guten-column guten-UNqA2e\"><div class=\"guten-background-overlay\"><\/div><div class=\"sticky-wrapper\" data-id=\"UNqA2e\"><div class=\"guten-column-wrapper\">\n<div class=\"guten-element guten-advanced-heading guten-h2bOdg animated guten-element-hide desktop-fadeInLeft\"><div class=\"heading-section \"><div class=\"heading-line before\"><\/div><h2 class=\"heading-title\">Servicios<span class=\"heading-focus\"><\/span><\/h2><\/div><span class=\"heading-subtitle\">Sobre nuestros servicios a clientes<\/span><\/div>\n<\/div><\/div><\/div>\n\n\n\n<div class=\"wp-block-gutenverse-column guten-element guten-column guten-P6UnbT hide-mobile\"><div class=\"guten-background-overlay\"><\/div><div class=\"sticky-wrapper\" data-id=\"P6UnbT\"><div class=\"guten-column-wrapper\"><\/div><\/div><\/div>\n<\/div><\/section><\/div>\n\n\n\n<div class=\"section-wrapper\" data-id=\"2tdPSp\"><section class=\"wp-block-gutenverse-section guten-element guten-section guten-2tdPSp layout-boxed align-stretch\"><div class=\"guten-background-overlay\"><\/div><div class=\"guten-shape-divider guten-shape-divider-top\"><\/div><div class=\"guten-shape-divider guten-shape-divider-bottom\"><\/div><div class=\"guten-container guten-column-gap-no\">\n<div class=\"wp-block-gutenverse-column guten-element guten-column guten-kcvFCs\"><div class=\"guten-background-overlay\"><\/div><div class=\"sticky-wrapper\" data-id=\"kcvFCs\"><div class=\"guten-column-wrapper\">\n<div class=\"guten-element guten-ScoKgT animated guten-element-hide desktop-fadeInUp guten-icon-box icon-position-undefined\"><div class=\"guten-icon-box-wrapper hover-from-left\"><div class=\"icon-box icon-box-header\"><div class=\"icon style-color\"><i class=\"gtn gtn-chart2-light\"><\/i><\/div><\/div><div class=\"icon-box icon-box-body\"><h3 class=\"title\">An\u00e1lisis y evaluaci\u00f3n de Situaci\u00f3n Financiera<\/h3><p class=\"icon-box-description\">Revisamos la situaci\u00f3n financiera actual de nuestros clientes, incluyendo ingresos, gastos, deudas y activos.<\/p><\/div><\/div><\/div>\n<\/div><\/div><\/div>\n\n\n\n<div class=\"wp-block-gutenverse-column guten-element guten-column guten-QNXeT8 animated guten-element-hide desktop-fadeInUp\"><div class=\"guten-background-overlay\"><\/div><div class=\"sticky-wrapper\" data-id=\"QNXeT8\"><div class=\"guten-column-wrapper\">\n<div class=\"guten-element guten-QDOrez guten-icon-box icon-position-undefined\"><div class=\"guten-icon-box-wrapper hover-from-left\"><div class=\"icon-box icon-box-header\"><div class=\"icon style-color\"><i class=\"gtn gtn-design-light\"><\/i><\/div><\/div><div class=\"icon-box icon-box-body\"><h3 class=\"title\">Asesor\u00eda en gesti\u00f3n de deudas<\/h3><p class=\"icon-box-description\">Brindar estrategias para gestionar deudas de manera efectiva y reducir la carga financiera.<\/p><\/div><\/div><\/div>\n<\/div><\/div><\/div>\n\n\n\n<div class=\"wp-block-gutenverse-column guten-element guten-column guten-EJrIPk\"><div class=\"guten-background-overlay\"><\/div><div class=\"sticky-wrapper\" data-id=\"EJrIPk\"><div class=\"guten-column-wrapper\">\n<div class=\"guten-element guten-M5k1eR animated guten-element-hide desktop-fadeInUp guten-icon-box icon-position-undefined\"><div class=\"guten-icon-box-wrapper hover-from-left\"><div class=\"icon-box icon-box-header\"><div class=\"icon style-color\"><i class=\"gtn gtn-Profile-light\"><\/i><\/div><\/div><div class=\"icon-box icon-box-body\"><h3 class=\"title\">Portafolio de Inversi\u00f3n personalizado<\/h3><p class=\"icon-box-description\"><br>Desarrollamos portafolios de inversi\u00f3n diversificados y personalizados, considerando las preferencias del cliente y su tolerancia al riesgo.<\/p><\/div><\/div><\/div>\n<\/div><\/div><\/div>\n<\/div><\/section><\/div>\n\n\n\n<div class=\"section-wrapper\" data-id=\"B6kidw\"><section class=\"wp-block-gutenverse-section guten-element guten-section guten-B6kidw layout-boxed align-stretch\"><div class=\"guten-background-overlay\"><\/div><div class=\"guten-shape-divider guten-shape-divider-top\"><\/div><div class=\"guten-shape-divider guten-shape-divider-bottom\"><\/div><div class=\"guten-container guten-column-gap-no\">\n<div class=\"wp-block-gutenverse-column guten-element guten-column guten-QoUh0Q\"><div class=\"guten-background-overlay\"><\/div><div class=\"sticky-wrapper\" data-id=\"QoUh0Q\"><div class=\"guten-column-wrapper\">\n<div class=\"guten-element guten-OQNpDS animated guten-element-hide desktop-fadeInUp guten-icon-box icon-position-undefined\"><div class=\"guten-icon-box-wrapper hover-from-left\"><div class=\"icon-box icon-box-header\"><div class=\"icon style-color\"><i class=\"gtn gtn-coins-1-light\"><\/i><\/div><\/div><div class=\"icon-box icon-box-body\"><h3 class=\"title\">Planificaci\u00f3n de Jubilaci\u00f3n<\/h3><p class=\"icon-box-description\">Ayudamos a los clientes a establecer metas de jubilaci\u00f3n y desarrollar estrategias para alcanzarlas.<\/p><\/div><\/div><\/div>\n<\/div><\/div><\/div>\n\n\n\n<div class=\"wp-block-gutenverse-column guten-element guten-column guten-PQV5DZ\"><div class=\"guten-background-overlay\"><\/div><div class=\"sticky-wrapper\" data-id=\"PQV5DZ\"><div class=\"guten-column-wrapper\">\n<div class=\"guten-element guten-TQByUv animated guten-element-hide desktop-fadeInUp guten-icon-box icon-position-undefined\"><div class=\"guten-icon-box-wrapper hover-from-left\"><div class=\"icon-box icon-box-header\"><div class=\"icon style-color\"><i class=\"gtn gtn-bank1-light\"><\/i><\/div><\/div><div class=\"icon-box icon-box-body\"><h3 class=\"title\">Planificaci\u00f3n Fiscal<\/h3><p class=\"icon-box-description\">Minimizamos la carga fiscal a trav\u00e9s de estrategias eficientes y cumplimiento de las normativas fiscales.<\/p><\/div><\/div><\/div>\n<\/div><\/div><\/div>\n\n\n\n<div class=\"wp-block-gutenverse-column guten-element guten-column guten-ZtyTR2\"><div class=\"guten-background-overlay\"><\/div><div class=\"sticky-wrapper\" data-id=\"ZtyTR2\"><div class=\"guten-column-wrapper\">\n<div class=\"guten-element guten-aAEOZW animated guten-element-hide desktop-fadeInUp guten-icon-box icon-position-undefined\"><div class=\"guten-icon-box-wrapper hover-from-left\"><div class=\"icon-box icon-box-header\"><div class=\"icon style-color\"><i class=\"gtn gtn-social-share-light\"><\/i><\/div><\/div><div class=\"icon-box icon-box-body\"><h3 class=\"title\">Planificaci\u00f3n Sucesoria<\/h3><p class=\"icon-box-description\">Asesoramos en la transferencia de patrimonio a las generaciones futuras, incluyendo la elaboraci\u00f3n de testamentos y estrategias de sucesi\u00f3n.<\/p><\/div><\/div><\/div>\n<\/div><\/div><\/div>\n<\/div><\/section><\/div>\n<\/div><\/div><\/div>\n<\/div><\/section><\/div>\n","protected":false},"excerpt":{"rendered":"","protected":false},"author":1,"featured_media":0,"parent":0,"menu_order":0,"comment_status":"closed","ping_status":"closed","template":"","meta":{"footnotes":""},"class_list":["post-488","page","type-page","status-publish","hentry"],"_hostinger_reach_plugin_has_subscription_block":false,"_hostinger_reach_plugin_is_elementor":false,"_links":{"self":[{"href":"https:\/\/toroconductual.com\/index.php\/wp-json\/wp\/v2\/pages\/488","targetHints":{"allow":["GET"]}}],"collection":[{"href":"https:\/\/toroconductual.com\/index.php\/wp-json\/wp\/v2\/pages"}],"about":[{"href":"https:\/\/toroconductual.com\/index.php\/wp-json\/wp\/v2\/types\/page"}],"author":[{"embeddable":true,"href":"https:\/\/toroconductual.com\/index.php\/wp-json\/wp\/v2\/users\/1"}],"replies":[{"embeddable":true,"href":"https:\/\/toroconductual.com\/index.php\/wp-json\/wp\/v2\/comments?post=488"}],"version-history":[{"count":2,"href":"https:\/\/toroconductual.com\/index.php\/wp-json\/wp\/v2\/pages\/488\/revisions"}],"predecessor-version":[{"id":545,"href":"https:\/\/toroconductual.com\/index.php\/wp-json\/wp\/v2\/pages\/488\/revisions\/545"}],"wp:attachment":[{"href":"https:\/\/toroconductual.com\/index.php\/wp-json\/wp\/v2\/media?parent=488"}],"curies":[{"name":"wp","href":"https:\/\/api.w.org\/{rel}","templated":true}]}}