{"id":241,"date":"2023-03-25T22:59:44","date_gmt":"2023-03-26T04:59:44","guid":{"rendered":"https:\/\/toroconductual.wordpress.com\/?page_id=241"},"modified":"2023-03-25T22:59:44","modified_gmt":"2023-03-26T04:59:44","slug":"aviso-de-privacidad","status":"publish","type":"page","link":"https:\/\/toroconductual.com\/index.php\/aviso-de-privacidad\/","title":{"rendered":"Aviso de Privacidad"},"content":{"rendered":"\n<p>En cumplimiento con la Ley Federal de Protecci\u00f3n de Datos Personales en Posesi\u00f3n de los Particulares, Toro Conductual (en adelante, \u00abla Empresa\u00bb) informa a los usuarios de su sitio web www.toroconductual.wordpress.com sobre el tratamiento y protecci\u00f3n de sus datos personales.<\/p>\n\n\n\n<p>La Empresa es responsable del tratamiento de sus datos personales, los cuales ser\u00e1n utilizados con la finalidad de brindar servicios de asesor\u00eda y consultor\u00eda en finanzas personales patrimoniales.<\/p>\n\n\n\n<p>Los datos personales que se recaban a trav\u00e9s del sitio web son los siguientes: nombre completo, correo electr\u00f3nico, n\u00famero telef\u00f3nico, datos patrimoniales y financieros, as\u00ed como cualquier otra informaci\u00f3n necesaria para la prestaci\u00f3n de los servicios ofrecidos.<\/p>\n\n\n\n<p>La Empresa se compromete a mantener la confidencialidad y protecci\u00f3n de los datos personales recabados, as\u00ed como a utilizarlos \u00fanicamente con las finalidades establecidas en el presente aviso de privacidad.<\/p>\n\n\n\n<p>Asimismo, se informa que los datos personales podr\u00e1n ser transferidos a terceros \u00fanicamente en los casos previstos por la Ley y para la prestaci\u00f3n de los servicios ofrecidos.<\/p>\n\n\n\n<p>Los usuarios del sitio web podr\u00e1n ejercer sus derechos de acceso, rectificaci\u00f3n, cancelaci\u00f3n y oposici\u00f3n al tratamiento de sus datos personales, en los t\u00e9rminos establecidos por la Ley, a trav\u00e9s de los medios que se indican en el sitio web.<\/p>\n\n\n\n<p>La Empresa se reserva el derecho de modificar el presente aviso de privacidad en cualquier momento, por lo que se recomienda revisarlo peri\u00f3dicamente en el sitio web.<\/p>\n\n\n\n<p>Fecha de \u00faltima actualizaci\u00f3n: 25 de marzo 2023.<\/p>\n","protected":false},"excerpt":{"rendered":"<p>En cumplimiento con la Ley Federal de Protecci\u00f3n de Datos Personales en Posesi\u00f3n de los Particulares, Toro Conductual (en adelante, \u00abla Empresa\u00bb) informa a los usuarios de su sitio web www.toroconductual.wordpress.com sobre el tratamiento y protecci\u00f3n de sus datos personales. La Empresa es responsable del tratamiento de sus datos personales, los cuales ser\u00e1n utilizados con la finalidad de brindar servicios de asesor\u00eda y consultor\u00eda en finanzas personales patrimoniales. Los datos personales que se recaban a trav\u00e9s del sitio web son los siguientes: nombre completo, correo electr\u00f3nico, n\u00famero telef\u00f3nico, datos patrimoniales y financieros, as\u00ed como cualquier otra informaci\u00f3n necesaria para la<\/p>\n","protected":false},"author":2,"featured_media":0,"parent":0,"menu_order":0,"comment_status":"closed","ping_status":"closed","template":"","meta":{"footnotes":""},"class_list":["post-241","page","type-page","status-publish","hentry"],"_hostinger_reach_plugin_has_subscription_block":false,"_hostinger_reach_plugin_is_elementor":false,"_links":{"self":[{"href":"https:\/\/toroconductual.com\/index.php\/wp-json\/wp\/v2\/pages\/241","targetHints":{"allow":["GET"]}}],"collection":[{"href":"https:\/\/toroconductual.com\/index.php\/wp-json\/wp\/v2\/pages"}],"about":[{"href":"https:\/\/toroconductual.com\/index.php\/wp-json\/wp\/v2\/types\/page"}],"author":[{"embeddable":true,"href":"https:\/\/toroconductual.com\/index.php\/wp-json\/wp\/v2\/users\/2"}],"replies":[{"embeddable":true,"href":"https:\/\/toroconductual.com\/index.php\/wp-json\/wp\/v2\/comments?post=241"}],"version-history":[{"count":0,"href":"https:\/\/toroconductual.com\/index.php\/wp-json\/wp\/v2\/pages\/241\/revisions"}],"wp:attachment":[{"href":"https:\/\/toroconductual.com\/index.php\/wp-json\/wp\/v2\/media?parent=241"}],"curies":[{"name":"wp","href":"https:\/\/api.w.org\/{rel}","templated":true}]}}